{"id":1565,"date":"2020-09-16T09:47:02","date_gmt":"2020-09-16T07:47:02","guid":{"rendered":"https:\/\/osservatoriobeniecclesiastici.org\/historia-y-valores\/"},"modified":"2021-02-09T10:31:18","modified_gmt":"2021-02-09T09:31:18","slug":"historia-y-valores","status":"publish","type":"page","link":"https:\/\/osservatoriobeniecclesiastici.org\/es\/historia-y-valores\/","title":{"rendered":"Historia y valores"},"content":{"rendered":"<p>[et_pb_section fb_built=\u00bb1&#8243; _builder_version=\u00bb4.4.8&#8243; custom_margin=\u00bb0px||||false|false\u00bb custom_padding=\u00bb0px||||false|false\u00bb][et_pb_row _builder_version=\u00bb4.4.8&#8243;][et_pb_column type=\u00bb4_4&#8243; _builder_version=\u00bb4.4.8&#8243;][et_pb_text _builder_version=\u00bb4.4.8&#8243; text_font=\u00bb||||||||\u00bb z_index=\u00bb7&#8243;]<\/p>\n<h1 style=\"text-align: center\">HISTORIA Y VALORES<\/h1>\n<p>[\/et_pb_text][\/et_pb_column][\/et_pb_row][et_pb_row column_structure=\u00bb1_5,3_5,1_5&#8243; _builder_version=\u00bb4.5.6&#8243;][et_pb_column type=\u00bb1_5&#8243; _builder_version=\u00bb4.4.8&#8243;][\/et_pb_column][et_pb_column type=\u00bb3_5&#8243; _builder_version=\u00bb4.4.8&#8243;][et_pb_text _builder_version=\u00bb4.6.6&#8243; text_font=\u00bb||||||||\u00bb z_index=\u00bb7&#8243; hover_enabled=\u00bb0&#8243; sticky_enabled=\u00bb0&#8243;]<\/p>\n<p>El Observatorio Permanente de los Bienes Eclesi\u00e1sticos es el fruto maduro de m\u00e1s de 25 a\u00f1os de experiencia en la gesti\u00f3n y administraci\u00f3n de entidades relacionadas con los fines de la Iglesia, entidades pertenecientes a la Iglesia y asesor\u00eda a favor de entidades religiosas y eclesi\u00e1sticas. Lo funda Antonio S\u00e1nchez Fraga, economista, licenciado en derecho can\u00f3nico con m\u00e1ster y formaci\u00f3n espec\u00edfica en el sector y, como agradecimiento por todo lo aprendido a lo largo de su trayectoria educativa y profesional, ahora desea poner a disposici\u00f3n de todo el mundo los frutos de su experiencia acumulada en todos estos a\u00f1os, en un intento de poner fin a las controversias suscitadas en las \u00faltimas d\u00e9cadas por la falta de conocimiento, la incompetencia y una grave ausencia de colegialidad en la toma de decisiones relativas a estos bienes espec\u00edficos.<\/p>\n<p> El Observatorio Permanente de los Bienes Eclesi\u00e1sticos nace de la toma de conciencia del hecho de que una estrategia patrimonial orientada a la buena gesti\u00f3n de los recursos de la Iglesia facilita, apoya, ayuda y refuerza la misi\u00f3n evangelizadora. Una correcta administraci\u00f3n no contradice el deseo del Papa Francisco de una Iglesia pobre para los pobres, sino que, por el contrario, favorece la asistencia a los m\u00e1s necesitados, combatiendo las m\u00faltiples formas de pobreza que existen actualmente.<\/p>\n<p>El Observatorio Permanente de los Bienes Eclesi\u00e1sticos da sus primeros pasos a finales de 2019, pero es justamente durante la pandemia cuando los principios inspiradores toman forma y se materializan, en septiembre de 2020, gracias al lanzamiento de su p\u00e1gina web, su presencia en redes sociales y una primera campa\u00f1a de comunicaciones escritas. De la fase inicial se ocup\u00f3 D. Antonio S\u00e1nchez Fraga, si bien pronto se sumaron las aportaciones del abogado del Colegio de Madrid D. Luca Antonietti y de D.\u00aa Pamela Giusto, quienes actualmente forman parte del equipo del Observatorio. Pikta studio tambi\u00e9n ha sido una pieza fundamental del engranaje, ya que intervino de manera crucial en la creaci\u00f3n del logotipo y en la definici\u00f3n de la estrategia de comunicaci\u00f3n, para permitir a los visitantes estar siempre al d\u00eda y en constante y mutua escucha con el mundo.<\/p>\n<p>Somos un grupo de personas motivadas que, como fieles laicos, nos sentimos corresponsables de contribuir en la difusi\u00f3n de la misi\u00f3n. El equipo est\u00e1 abierto a colaboraciones, respondiendo as\u00ed a la llamada del Papa Francisco de expresarse con una creatividad cristiana coherente que se convierte en una iniciativa de servicio abierta a todos.<\/p>\n<p>[\/et_pb_text][\/et_pb_column][et_pb_column type=\u00bb1_5&#8243; _builder_version=\u00bb4.4.8&#8243;][\/et_pb_column][\/et_pb_row][\/et_pb_section][et_pb_section fb_built=\u00bb1&#8243; _builder_version=\u00bb4.5.6&#8243; background_color=\u00bb#f7f7f7&#8243; saved_tabs=\u00bball\u00bb][et_pb_row _builder_version=\u00bb4.4.8&#8243;][et_pb_column type=\u00bb4_4&#8243; _builder_version=\u00bb4.4.8&#8243;][et_pb_text _builder_version=\u00bb4.5.6&#8243; header_5_font_size=\u00bb24px\u00bb]<\/p>\n<h5 class=\"light\" style=\"text-align: center\">\u00abEXPERIENCIA CONSOLIDADA, COMPETENCIAS PROFESIONALES INTERNACIONALES, ESP\u00cdRITU DE SERVICIO, INTERDISCIPLINARIEDAD, TRANSPARENCIA, RESPONSABILIDAD, MOTIVACI\u00d3N\u00bb<\/h5>\n<p>[\/et_pb_text][\/et_pb_column][\/et_pb_row][\/et_pb_section]<\/p>\n","protected":false},"excerpt":{"rendered":"<p>HISTORIA Y VALORESEl Observatorio Permanente de los Bienes Eclesi\u00e1sticos es el fruto maduro de m\u00e1s de 25 a\u00f1os de experiencia en la gesti\u00f3n y administraci\u00f3n de entidades relacionadas con los fines de la Iglesia, entidades pertenecientes a la Iglesia y asesor\u00eda a favor de entidades religiosas y eclesi\u00e1sticas. Lo funda Antonio S\u00e1nchez Fraga, economista, licenciado [&hellip;]<\/p>\n","protected":false},"author":1,"featured_media":0,"parent":0,"menu_order":0,"comment_status":"closed","ping_status":"closed","template":"","meta":{"_et_pb_use_builder":"on","_et_pb_old_content":"","_et_gb_content_width":"","inline_featured_image":false},"yoast_head":"<!-- This site is optimized with the Yoast SEO plugin v19.4 - https:\/\/yoast.com\/wordpress\/plugins\/seo\/ -->\n<title>Historia y valores - Osservatorio Permanente sui Beni Ecclesiastici<\/title>\n<meta name=\"robots\" content=\"index, follow, max-snippet:-1, max-image-preview:large, max-video-preview:-1\" \/>\n<link rel=\"canonical\" href=\"https:\/\/osservatoriobeniecclesiastici.org\/es\/historia-y-valores\/\" \/>\n<meta property=\"og:locale\" content=\"es_ES\" \/>\n<meta property=\"og:type\" content=\"article\" \/>\n<meta property=\"og:title\" content=\"Historia y valores - Osservatorio Permanente sui Beni Ecclesiastici\" \/>\n<meta property=\"og:description\" content=\"HISTORIA Y VALORESEl Observatorio Permanente de los Bienes Eclesi\u00e1sticos es el fruto maduro de m\u00e1s de 25 a\u00f1os de experiencia en la gesti\u00f3n y administraci\u00f3n de entidades relacionadas con los fines de la Iglesia, entidades pertenecientes a la Iglesia y asesor\u00eda a favor de entidades religiosas y eclesi\u00e1sticas. Lo funda Antonio S\u00e1nchez Fraga, economista, licenciado [&hellip;]\" \/>\n<meta property=\"og:url\" content=\"https:\/\/osservatoriobeniecclesiastici.org\/es\/historia-y-valores\/\" \/>\n<meta property=\"og:site_name\" content=\"Osservatorio Permanente sui Beni Ecclesiastici\" \/>\n<meta property=\"article:publisher\" content=\"https:\/\/www.facebook.com\/osservatoriopermanentesuibeniecclesiastici\/\" \/>\n<meta property=\"article:modified_time\" content=\"2021-02-09T09:31:18+00:00\" \/>\n<meta name=\"twitter:card\" content=\"summary_large_image\" \/>\n<meta name=\"twitter:site\" content=\"@OsservatorioBE\" \/>\n<meta name=\"twitter:label1\" content=\"Tiempo de lectura\" \/>\n\t<meta name=\"twitter:data1\" content=\"3 minutos\" \/>\n<script type=\"application\/ld+json\" class=\"yoast-schema-graph\">{\"@context\":\"https:\/\/schema.org\",\"@graph\":[{\"@type\":\"Organization\",\"@id\":\"https:\/\/osservatoriobeniecclesiastici.org\/es\/#organization\",\"name\":\"Osservatorio Permanente sui Beni Ecclesiastici\",\"url\":\"https:\/\/osservatoriobeniecclesiastici.org\/es\/\",\"sameAs\":[\"https:\/\/it.wikipedia.org\/wiki\/Osservatorio_permanente_sui_beni_ecclesiastici\",\"https:\/\/www.facebook.com\/osservatoriopermanentesuibeniecclesiastici\/\",\"https:\/\/twitter.com\/OsservatorioBE\"],\"logo\":{\"@type\":\"ImageObject\",\"inLanguage\":\"es\",\"@id\":\"https:\/\/osservatoriobeniecclesiastici.org\/es\/#\/schema\/logo\/image\/\",\"url\":\"https:\/\/osservatoriobeniecclesiastici.org\/wp-content\/uploads\/2020\/09\/logo-osservatorio-permanente-sui-beni-ecclesiastici.png\",\"contentUrl\":\"https:\/\/osservatoriobeniecclesiastici.org\/wp-content\/uploads\/2020\/09\/logo-osservatorio-permanente-sui-beni-ecclesiastici.png\",\"width\":1200,\"height\":951,\"caption\":\"Osservatorio Permanente sui Beni Ecclesiastici\"},\"image\":{\"@id\":\"https:\/\/osservatoriobeniecclesiastici.org\/es\/#\/schema\/logo\/image\/\"}},{\"@type\":\"WebSite\",\"@id\":\"https:\/\/osservatoriobeniecclesiastici.org\/es\/#website\",\"url\":\"https:\/\/osservatoriobeniecclesiastici.org\/es\/\",\"name\":\"Osservatorio Permanente sui Beni Ecclesiastici\",\"description\":\"Un ponte tra il mondo laico ed ecclesiastico\",\"publisher\":{\"@id\":\"https:\/\/osservatoriobeniecclesiastici.org\/es\/#organization\"},\"potentialAction\":[{\"@type\":\"SearchAction\",\"target\":{\"@type\":\"EntryPoint\",\"urlTemplate\":\"https:\/\/osservatoriobeniecclesiastici.org\/es\/?s={search_term_string}\"},\"query-input\":\"required name=search_term_string\"}],\"inLanguage\":\"es\"},{\"@type\":\"WebPage\",\"@id\":\"https:\/\/osservatoriobeniecclesiastici.org\/es\/historia-y-valores\/\",\"url\":\"https:\/\/osservatoriobeniecclesiastici.org\/es\/historia-y-valores\/\",\"name\":\"Historia y valores - Osservatorio Permanente sui Beni Ecclesiastici\",\"isPartOf\":{\"@id\":\"https:\/\/osservatoriobeniecclesiastici.org\/es\/#website\"},\"datePublished\":\"2020-09-16T07:47:02+00:00\",\"dateModified\":\"2021-02-09T09:31:18+00:00\",\"breadcrumb\":{\"@id\":\"https:\/\/osservatoriobeniecclesiastici.org\/es\/historia-y-valores\/#breadcrumb\"},\"inLanguage\":\"es\",\"potentialAction\":[{\"@type\":\"ReadAction\",\"target\":[\"https:\/\/osservatoriobeniecclesiastici.org\/es\/historia-y-valores\/\"]}]},{\"@type\":\"BreadcrumbList\",\"@id\":\"https:\/\/osservatoriobeniecclesiastici.org\/es\/historia-y-valores\/#breadcrumb\",\"itemListElement\":[{\"@type\":\"ListItem\",\"position\":1,\"name\":\"Home\",\"item\":\"https:\/\/osservatoriobeniecclesiastici.org\/es\/\"},{\"@type\":\"ListItem\",\"position\":2,\"name\":\"Historia y valores\"}]}]}<\/script>\n<!-- \/ Yoast SEO plugin. -->","yoast_head_json":{"title":"Historia y valores - Osservatorio Permanente sui Beni Ecclesiastici","robots":{"index":"index","follow":"follow","max-snippet":"max-snippet:-1","max-image-preview":"max-image-preview:large","max-video-preview":"max-video-preview:-1"},"canonical":"https:\/\/osservatoriobeniecclesiastici.org\/es\/historia-y-valores\/","og_locale":"es_ES","og_type":"article","og_title":"Historia y valores - Osservatorio Permanente sui Beni Ecclesiastici","og_description":"HISTORIA Y VALORESEl Observatorio Permanente de los Bienes Eclesi\u00e1sticos es el fruto maduro de m\u00e1s de 25 a\u00f1os de experiencia en la gesti\u00f3n y administraci\u00f3n de entidades relacionadas con los fines de la Iglesia, entidades pertenecientes a la Iglesia y asesor\u00eda a favor de entidades religiosas y eclesi\u00e1sticas. Lo funda Antonio S\u00e1nchez Fraga, economista, licenciado [&hellip;]","og_url":"https:\/\/osservatoriobeniecclesiastici.org\/es\/historia-y-valores\/","og_site_name":"Osservatorio Permanente sui Beni Ecclesiastici","article_publisher":"https:\/\/www.facebook.com\/osservatoriopermanentesuibeniecclesiastici\/","article_modified_time":"2021-02-09T09:31:18+00:00","twitter_card":"summary_large_image","twitter_site":"@OsservatorioBE","twitter_misc":{"Tiempo de lectura":"3 minutos"},"schema":{"@context":"https:\/\/schema.org","@graph":[{"@type":"Organization","@id":"https:\/\/osservatoriobeniecclesiastici.org\/es\/#organization","name":"Osservatorio Permanente sui Beni Ecclesiastici","url":"https:\/\/osservatoriobeniecclesiastici.org\/es\/","sameAs":["https:\/\/it.wikipedia.org\/wiki\/Osservatorio_permanente_sui_beni_ecclesiastici","https:\/\/www.facebook.com\/osservatoriopermanentesuibeniecclesiastici\/","https:\/\/twitter.com\/OsservatorioBE"],"logo":{"@type":"ImageObject","inLanguage":"es","@id":"https:\/\/osservatoriobeniecclesiastici.org\/es\/#\/schema\/logo\/image\/","url":"https:\/\/osservatoriobeniecclesiastici.org\/wp-content\/uploads\/2020\/09\/logo-osservatorio-permanente-sui-beni-ecclesiastici.png","contentUrl":"https:\/\/osservatoriobeniecclesiastici.org\/wp-content\/uploads\/2020\/09\/logo-osservatorio-permanente-sui-beni-ecclesiastici.png","width":1200,"height":951,"caption":"Osservatorio Permanente sui Beni Ecclesiastici"},"image":{"@id":"https:\/\/osservatoriobeniecclesiastici.org\/es\/#\/schema\/logo\/image\/"}},{"@type":"WebSite","@id":"https:\/\/osservatoriobeniecclesiastici.org\/es\/#website","url":"https:\/\/osservatoriobeniecclesiastici.org\/es\/","name":"Osservatorio Permanente sui Beni Ecclesiastici","description":"Un ponte tra il mondo laico ed ecclesiastico","publisher":{"@id":"https:\/\/osservatoriobeniecclesiastici.org\/es\/#organization"},"potentialAction":[{"@type":"SearchAction","target":{"@type":"EntryPoint","urlTemplate":"https:\/\/osservatoriobeniecclesiastici.org\/es\/?s={search_term_string}"},"query-input":"required name=search_term_string"}],"inLanguage":"es"},{"@type":"WebPage","@id":"https:\/\/osservatoriobeniecclesiastici.org\/es\/historia-y-valores\/","url":"https:\/\/osservatoriobeniecclesiastici.org\/es\/historia-y-valores\/","name":"Historia y valores - Osservatorio Permanente sui Beni Ecclesiastici","isPartOf":{"@id":"https:\/\/osservatoriobeniecclesiastici.org\/es\/#website"},"datePublished":"2020-09-16T07:47:02+00:00","dateModified":"2021-02-09T09:31:18+00:00","breadcrumb":{"@id":"https:\/\/osservatoriobeniecclesiastici.org\/es\/historia-y-valores\/#breadcrumb"},"inLanguage":"es","potentialAction":[{"@type":"ReadAction","target":["https:\/\/osservatoriobeniecclesiastici.org\/es\/historia-y-valores\/"]}]},{"@type":"BreadcrumbList","@id":"https:\/\/osservatoriobeniecclesiastici.org\/es\/historia-y-valores\/#breadcrumb","itemListElement":[{"@type":"ListItem","position":1,"name":"Home","item":"https:\/\/osservatoriobeniecclesiastici.org\/es\/"},{"@type":"ListItem","position":2,"name":"Historia y valores"}]}]}},"_links":{"self":[{"href":"https:\/\/osservatoriobeniecclesiastici.org\/es\/wp-json\/wp\/v2\/pages\/1565"}],"collection":[{"href":"https:\/\/osservatoriobeniecclesiastici.org\/es\/wp-json\/wp\/v2\/pages"}],"about":[{"href":"https:\/\/osservatoriobeniecclesiastici.org\/es\/wp-json\/wp\/v2\/types\/page"}],"author":[{"embeddable":true,"href":"https:\/\/osservatoriobeniecclesiastici.org\/es\/wp-json\/wp\/v2\/users\/1"}],"replies":[{"embeddable":true,"href":"https:\/\/osservatoriobeniecclesiastici.org\/es\/wp-json\/wp\/v2\/comments?post=1565"}],"version-history":[{"count":8,"href":"https:\/\/osservatoriobeniecclesiastici.org\/es\/wp-json\/wp\/v2\/pages\/1565\/revisions"}],"predecessor-version":[{"id":2934,"href":"https:\/\/osservatoriobeniecclesiastici.org\/es\/wp-json\/wp\/v2\/pages\/1565\/revisions\/2934"}],"wp:attachment":[{"href":"https:\/\/osservatoriobeniecclesiastici.org\/es\/wp-json\/wp\/v2\/media?parent=1565"}],"curies":[{"name":"wp","href":"https:\/\/api.w.org\/{rel}","templated":true}]}}