{"id":1557,"date":"2020-09-16T09:44:44","date_gmt":"2020-09-16T07:44:44","guid":{"rendered":"https:\/\/osservatoriobeniecclesiastici.org\/actividades\/conocimiento\/"},"modified":"2020-10-08T18:40:50","modified_gmt":"2020-10-08T16:40:50","slug":"conocimiento","status":"publish","type":"page","link":"https:\/\/osservatoriobeniecclesiastici.org\/es\/actividades\/conocimiento\/","title":{"rendered":"Conocimiento"},"content":{"rendered":"<p>[et_pb_section fb_built=\u00bb1&#8243; _builder_version=\u00bb4.4.8&#8243; custom_margin=\u00bb0px||||false|false\u00bb custom_padding=\u00bb0px||||false|false\u00bb][et_pb_row _builder_version=\u00bb4.4.8&#8243;][et_pb_column type=\u00bb4_4&#8243; _builder_version=\u00bb4.4.8&#8243;][et_pb_image src=\u00bbhttps:\/\/osservatoriobeniecclesiastici.org\/wp-content\/uploads\/\/2020\/06\/osservatorio-permanente-sui-beni-ecclesiastici-C.svg\u00bb title_text=\u00bbosservatorio-permanente-sui-beni-ecclesiastici-C\u00bb align=\u00bbcenter\u00bb _builder_version=\u00bb4.4.8&#8243; module_alignment=\u00bbcenter\u00bb max_height=\u00bb157px\u00bb custom_margin=\u00bb||70px||false|false\u00bb][\/et_pb_image][et_pb_text _builder_version=\u00bb4.4.8&#8243; text_font=\u00bb||||||||\u00bb z_index=\u00bb7&#8243;]<\/p>\n<h1 style=\"text-align: center;\">CONOCIMIENTO<\/h1>\n<p>[\/et_pb_text][et_pb_text _builder_version=\u00bb4.4.8&#8243; text_font=\u00bbJosefin Sans|||on|||||\u00bb text_text_color=\u00bb#aa1414&#8243; text_font_size=\u00bb18px\u00bb text_letter_spacing=\u00bb3px\u00bb z_index=\u00bb100&#8243;]<\/p>\n<p style=\"text-align: center;\">EL OBSERVATORIO PERMANENTE DE LOS BIENES ECLESI\u00c1STICOS<br \/> PROMUEVE EL CONOCIMIENTO GRACIAS A DOS HERRAMIENTAS DE COORDINACI\u00d3N Y DESARROLLO<\/p>\n<p>[\/et_pb_text][\/et_pb_column][\/et_pb_row][et_pb_row column_structure=\u00bb1_2,1_2&#8243; _builder_version=\u00bb4.4.8&#8243; custom_margin=\u00bb70px||70px||true|false\u00bb][et_pb_column type=\u00bb1_2&#8243; _builder_version=\u00bb4.4.8&#8243;][et_pb_text _builder_version=\u00bb4.4.8&#8243; text_font=\u00bb||||||||\u00bb z_index=\u00bb7&#8243;]<\/p>\n<h4>CENSO EVOLUCIONADO<\/h4>\n<p style=\"text-align: justify;\">El Observatorio promueve el Conocimiento de los bienes desde el punto de vista jur\u00eddico, econ\u00f3mico, fiscal, hist\u00f3rico y art\u00edstico, pero, sobre todo, fomenta el conocimiento de los usos previstos a los que se destinan dichos bienes. Respecto de estas actividades, el Observatorio tiene un enfoque innovador mediante el uso de las nuevas tecnolog\u00edas aplicadas a la digitalizaci\u00f3n de inventarios sobre los bienes temporales de la Iglesia, desde el uso del 3D hasta la inteligencia artificial para la recuperaci\u00f3n de informaci\u00f3n y documentaci\u00f3n, pasando por el an\u00e1lisis y la elaboraci\u00f3n de informes de datos agregados, en pleno respeto de la privacidad.<\/p>\n<p>[\/et_pb_text][\/et_pb_column][et_pb_column type=\u00bb1_2&#8243; _builder_version=\u00bb4.4.8&#8243;][et_pb_text _builder_version=\u00bb4.4.8&#8243; text_font=\u00bb||||||||\u00bb z_index=\u00bb7&#8243;]<\/p>\n<h4>COMUNICACI\u00d3N<\/h4>\n<p style=\"text-align: justify;\">La finalidad de una correcta acci\u00f3n comunicativa es dar a conocer al pueblo de Dios y al p\u00fablico en general que los bienes eclesi\u00e1sticos tienen raz\u00f3n de ser si se destinan a los fines propios de la misi\u00f3n evangelizadora de la Iglesia y, en consecuencia, el Observatorio promueve iniciativas para dar a conocer, a trav\u00e9s de los medios de comunicaci\u00f3n, casos positivos y virtuosos de bienes al servicio de la Misi\u00f3n.\n<\/p>\n<p>[\/et_pb_text][\/et_pb_column][\/et_pb_row][\/et_pb_section][et_pb_section fb_built=\u00bb1&#8243; _builder_version=\u00bb4.4.8&#8243; background_image=\u00bbhttps:\/\/osservatoriobeniecclesiastici.org\/wp-content\/uploads\/2020\/06\/castel-sant-angelo-roma-osservatorio.jpg\u00bb custom_margin=\u00bb0px|0px|0px|0px|true|true\u00bb custom_padding=\u00bb0px|0px|0px|0px|true|true\u00bb global_module=\u00bb2102&#8243;][et_pb_row column_structure=\u00bb1_3,1_3,1_3&#8243; use_custom_gutter=\u00bbon\u00bb gutter_width=\u00bb1&#8243; _builder_version=\u00bb4.4.8&#8243; width=\u00bb100%\u00bb custom_margin=\u00bb0px|0px|0px|0px|true|true\u00bb custom_padding=\u00bb0px|0px|0px|0px|true|true\u00bb][et_pb_column type=\u00bb1_3&#8243; _builder_version=\u00bb4.4.8&#8243; use_background_color_gradient=\u00bbon\u00bb background_color_gradient_start=\u00bbrgba(6,25,104,0.4)\u00bb background_color_gradient_end=\u00bbrgba(45,0,63,0.86)\u00bb custom_padding=\u00bb70px|70px|70px|70px|true|true\u00bb][et_pb_text _builder_version=\u00bb4.4.8&#8243; text_orientation=\u00bbcenter\u00bb background_layout=\u00bbdark\u00bb custom_padding=\u00bb210px||35px||false|false\u00bb]<\/p>\n<h3>CONOCIMIENTO<\/h3>\n<p>[\/et_pb_text][et_pb_button button_url=\u00bb@ET-DC@eyJkeW5hbWljIjp0cnVlLCJjb250ZW50IjoicG9zdF9saW5rX3VybF9wYWdlIiwic2V0dGluZ3MiOnsicG9zdF9pZCI6IjI2NiJ9fQ==@\u00bb button_text=\u00bbM\u00c1S INFORMACI\u00d3N\u00bb _builder_version=\u00bb4.4.8&#8243; _dynamic_attributes=\u00bbbutton_url\u00bb][\/et_pb_button][\/et_pb_column][et_pb_column type=\u00bb1_3&#8243; _builder_version=\u00bb4.4.8&#8243; use_background_color_gradient=\u00bbon\u00bb background_color_gradient_start=\u00bbrgba(6,25,104,0.4)\u00bb background_color_gradient_end=\u00bbrgba(0,112,46,0.74)\u00bb background_color_gradient_direction=\u00bb1deg\u00bb custom_padding=\u00bb70px|70px|70px|70px|true|true\u00bb][et_pb_text _builder_version=\u00bb4.4.8&#8243; text_orientation=\u00bbcenter\u00bb background_layout=\u00bbdark\u00bb custom_padding=\u00bb210px||35px||false|false\u00bb]<\/p>\n<h3>COMPETENCIA<\/h3>\n<p>[\/et_pb_text][et_pb_button button_url=\u00bb@ET-DC@eyJkeW5hbWljIjp0cnVlLCJjb250ZW50IjoicG9zdF9saW5rX3VybF9wYWdlIiwic2V0dGluZ3MiOnsicG9zdF9pZCI6IjI2OCJ9fQ==@\u00bb button_text=\u00bbM\u00c1S INFORMACI\u00d3N\u00bb _builder_version=\u00bb4.4.8&#8243; _dynamic_attributes=\u00bbbutton_url\u00bb][\/et_pb_button][\/et_pb_column][et_pb_column type=\u00bb1_3&#8243; _builder_version=\u00bb4.4.8&#8243; use_background_color_gradient=\u00bbon\u00bb background_color_gradient_start=\u00bbrgba(237,240,0,0.31)\u00bb background_color_gradient_end=\u00bb#010042&#8243; custom_padding=\u00bb70px|70px|70px|70px|true|true\u00bb][et_pb_text _builder_version=\u00bb4.4.8&#8243; text_orientation=\u00bbcenter\u00bb background_layout=\u00bbdark\u00bb custom_padding=\u00bb210px||35px||false|false\u00bb]<\/p>\n<h3>COLEGIALIDAD<\/h3>\n<p>[\/et_pb_text][et_pb_button button_url=\u00bb@ET-DC@eyJkeW5hbWljIjp0cnVlLCJjb250ZW50IjoicG9zdF9saW5rX3VybF9wYWdlIiwic2V0dGluZ3MiOnsicG9zdF9pZCI6IjI3MCJ9fQ==@\u00bb button_text=\u00bbM\u00c1S INFORMACI\u00d3N\u00bb _builder_version=\u00bb4.4.8&#8243; _dynamic_attributes=\u00bbbutton_url\u00bb][\/et_pb_button][\/et_pb_column][\/et_pb_row][\/et_pb_section][et_pb_section fb_built=\u00bb1&#8243; _builder_version=\u00bb4.4.8&#8243; background_color=\u00bb#f7f7f7&#8243; custom_margin=\u00bb0px||0px||false|false\u00bb custom_padding=\u00bb0px||0px||false|false\u00bb saved_tabs=\u00bball\u00bb][et_pb_row column_structure=\u00bb1_2,1_2&#8243; _builder_version=\u00bb4.4.8&#8243;][et_pb_column type=\u00bb1_2&#8243; _builder_version=\u00bb4.4.8&#8243;][et_pb_text _builder_version=\u00bb4.5.1&#8243; custom_padding=\u00bb70px|35px|70px|35px|true|true\u00bb]<\/p>\n<h3>ESTAMOS EN CONTACTO<\/h3>\n<p>Cont\u00e1ctanos si compartes nuestra Misi\u00f3n y quieres colaborar con nosotros. <br \/>Participa para comunicar, explicar casos positivos o publicar tus iniciativas.<\/p>\n<p>[\/et_pb_text][\/et_pb_column][et_pb_column type=\u00bb1_2&#8243; _builder_version=\u00bb4.4.8&#8243;][et_pb_contact_form captcha=\u00bboff\u00bb submit_button_text=\u00bbENVIAR\u00bb _builder_version=\u00bb4.4.8&#8243; form_field_background_color=\u00bb#ffffff\u00bb custom_padding=\u00bb35px|35px|35px|35px|true|true\u00bb][et_pb_contact_field field_id=\u00bbName\u00bb field_title=\u00bbNombre\u00bb _builder_version=\u00bb3.16&#8243; button_text_size__hover_enabled=\u00bboff\u00bb button_one_text_size__hover_enabled=\u00bboff\u00bb button_two_text_size__hover_enabled=\u00bboff\u00bb button_text_color__hover_enabled=\u00bboff\u00bb button_one_text_color__hover_enabled=\u00bboff\u00bb button_two_text_color__hover_enabled=\u00bboff\u00bb button_border_width__hover_enabled=\u00bboff\u00bb button_one_border_width__hover_enabled=\u00bboff\u00bb button_two_border_width__hover_enabled=\u00bboff\u00bb button_border_color__hover_enabled=\u00bboff\u00bb button_one_border_color__hover_enabled=\u00bboff\u00bb button_two_border_color__hover_enabled=\u00bboff\u00bb button_border_radius__hover_enabled=\u00bboff\u00bb button_one_border_radius__hover_enabled=\u00bboff\u00bb button_two_border_radius__hover_enabled=\u00bboff\u00bb button_letter_spacing__hover_enabled=\u00bboff\u00bb button_one_letter_spacing__hover_enabled=\u00bboff\u00bb button_two_letter_spacing__hover_enabled=\u00bboff\u00bb button_bg_color__hover_enabled=\u00bboff\u00bb button_one_bg_color__hover_enabled=\u00bboff\u00bb button_two_bg_color__hover_enabled=\u00bboff\u00bb][\/et_pb_contact_field][et_pb_contact_field field_id=\u00bbEmail\u00bb field_title=\u00bbDirecci\u00f3n de correo electr\u00f3nico\u00bb field_type=\u00bbemail\u00bb _builder_version=\u00bb3.16&#8243; button_text_size__hover_enabled=\u00bboff\u00bb button_one_text_size__hover_enabled=\u00bboff\u00bb button_two_text_size__hover_enabled=\u00bboff\u00bb button_text_color__hover_enabled=\u00bboff\u00bb button_one_text_color__hover_enabled=\u00bboff\u00bb button_two_text_color__hover_enabled=\u00bboff\u00bb button_border_width__hover_enabled=\u00bboff\u00bb button_one_border_width__hover_enabled=\u00bboff\u00bb button_two_border_width__hover_enabled=\u00bboff\u00bb button_border_color__hover_enabled=\u00bboff\u00bb button_one_border_color__hover_enabled=\u00bboff\u00bb button_two_border_color__hover_enabled=\u00bboff\u00bb button_border_radius__hover_enabled=\u00bboff\u00bb button_one_border_radius__hover_enabled=\u00bboff\u00bb button_two_border_radius__hover_enabled=\u00bboff\u00bb button_letter_spacing__hover_enabled=\u00bboff\u00bb button_one_letter_spacing__hover_enabled=\u00bboff\u00bb button_two_letter_spacing__hover_enabled=\u00bboff\u00bb button_bg_color__hover_enabled=\u00bboff\u00bb button_one_bg_color__hover_enabled=\u00bboff\u00bb button_two_bg_color__hover_enabled=\u00bboff\u00bb][\/et_pb_contact_field][et_pb_contact_field field_id=\u00bbMessage\u00bb field_title=\u00bbMensaje\u00bb field_type=\u00bbtext\u00bb fullwidth_field=\u00bbon\u00bb _builder_version=\u00bb3.16&#8243; button_text_size__hover_enabled=\u00bboff\u00bb button_one_text_size__hover_enabled=\u00bboff\u00bb button_two_text_size__hover_enabled=\u00bboff\u00bb button_text_color__hover_enabled=\u00bboff\u00bb button_one_text_color__hover_enabled=\u00bboff\u00bb button_two_text_color__hover_enabled=\u00bboff\u00bb button_border_width__hover_enabled=\u00bboff\u00bb button_one_border_width__hover_enabled=\u00bboff\u00bb button_two_border_width__hover_enabled=\u00bboff\u00bb button_border_color__hover_enabled=\u00bboff\u00bb button_one_border_color__hover_enabled=\u00bboff\u00bb button_two_border_color__hover_enabled=\u00bboff\u00bb button_border_radius__hover_enabled=\u00bboff\u00bb button_one_border_radius__hover_enabled=\u00bboff\u00bb button_two_border_radius__hover_enabled=\u00bboff\u00bb button_letter_spacing__hover_enabled=\u00bboff\u00bb button_one_letter_spacing__hover_enabled=\u00bboff\u00bb button_two_letter_spacing__hover_enabled=\u00bboff\u00bb button_bg_color__hover_enabled=\u00bboff\u00bb button_one_bg_color__hover_enabled=\u00bboff\u00bb button_two_bg_color__hover_enabled=\u00bboff\u00bb][\/et_pb_contact_field][\/et_pb_contact_form][\/et_pb_column][\/et_pb_row][\/et_pb_section]<\/p>\n","protected":false},"excerpt":{"rendered":"<p>CONOCIMIENTOEL OBSERVATORIO PERMANENTE DE LOS BIENES ECLESI\u00c1STICOS PROMUEVE EL CONOCIMIENTO GRACIAS A DOS HERRAMIENTAS DE COORDINACI\u00d3N Y DESARROLLOCENSO EVOLUCIONADO El Observatorio promueve el Conocimiento de los bienes desde el punto de vista jur\u00eddico, econ\u00f3mico, fiscal, hist\u00f3rico y art\u00edstico, pero, sobre todo, fomenta el conocimiento de los usos previstos a los que se destinan dichos bienes. [&hellip;]<\/p>\n","protected":false},"author":1,"featured_media":0,"parent":1539,"menu_order":0,"comment_status":"closed","ping_status":"closed","template":"","meta":{"_et_pb_use_builder":"on","_et_pb_old_content":"","_et_gb_content_width":"","inline_featured_image":false},"yoast_head":"<!-- This site is optimized with the Yoast SEO plugin v19.4 - https:\/\/yoast.com\/wordpress\/plugins\/seo\/ -->\n<title>Conocimiento - Osservatorio Permanente sui Beni Ecclesiastici<\/title>\n<meta name=\"robots\" content=\"index, follow, max-snippet:-1, max-image-preview:large, max-video-preview:-1\" \/>\n<link rel=\"canonical\" href=\"https:\/\/osservatoriobeniecclesiastici.org\/es\/actividades\/conocimiento\/\" \/>\n<meta property=\"og:locale\" content=\"es_ES\" \/>\n<meta property=\"og:type\" content=\"article\" \/>\n<meta property=\"og:title\" content=\"Conocimiento - Osservatorio Permanente sui Beni Ecclesiastici\" \/>\n<meta property=\"og:description\" content=\"CONOCIMIENTOEL OBSERVATORIO PERMANENTE DE LOS BIENES ECLESI\u00c1STICOS PROMUEVE EL CONOCIMIENTO GRACIAS A DOS HERRAMIENTAS DE COORDINACI\u00d3N Y DESARROLLOCENSO EVOLUCIONADO El Observatorio promueve el Conocimiento de los bienes desde el punto de vista jur\u00eddico, econ\u00f3mico, fiscal, hist\u00f3rico y art\u00edstico, pero, sobre todo, fomenta el conocimiento de los usos previstos a los que se destinan dichos bienes. [&hellip;]\" \/>\n<meta property=\"og:url\" content=\"https:\/\/osservatoriobeniecclesiastici.org\/es\/actividades\/conocimiento\/\" \/>\n<meta property=\"og:site_name\" content=\"Osservatorio Permanente sui Beni Ecclesiastici\" \/>\n<meta property=\"article:publisher\" content=\"https:\/\/www.facebook.com\/osservatoriopermanentesuibeniecclesiastici\/\" \/>\n<meta property=\"article:modified_time\" content=\"2020-10-08T16:40:50+00:00\" \/>\n<meta name=\"twitter:card\" content=\"summary_large_image\" \/>\n<meta name=\"twitter:site\" content=\"@OsservatorioBE\" \/>\n<meta name=\"twitter:label1\" content=\"Tiempo de lectura\" \/>\n\t<meta name=\"twitter:data1\" content=\"7 minutos\" \/>\n<script type=\"application\/ld+json\" class=\"yoast-schema-graph\">{\"@context\":\"https:\/\/schema.org\",\"@graph\":[{\"@type\":\"Organization\",\"@id\":\"https:\/\/osservatoriobeniecclesiastici.org\/es\/#organization\",\"name\":\"Osservatorio Permanente sui Beni Ecclesiastici\",\"url\":\"https:\/\/osservatoriobeniecclesiastici.org\/es\/\",\"sameAs\":[\"https:\/\/it.wikipedia.org\/wiki\/Osservatorio_permanente_sui_beni_ecclesiastici\",\"https:\/\/www.facebook.com\/osservatoriopermanentesuibeniecclesiastici\/\",\"https:\/\/twitter.com\/OsservatorioBE\"],\"logo\":{\"@type\":\"ImageObject\",\"inLanguage\":\"es\",\"@id\":\"https:\/\/osservatoriobeniecclesiastici.org\/es\/#\/schema\/logo\/image\/\",\"url\":\"https:\/\/osservatoriobeniecclesiastici.org\/wp-content\/uploads\/2020\/09\/logo-osservatorio-permanente-sui-beni-ecclesiastici.png\",\"contentUrl\":\"https:\/\/osservatoriobeniecclesiastici.org\/wp-content\/uploads\/2020\/09\/logo-osservatorio-permanente-sui-beni-ecclesiastici.png\",\"width\":1200,\"height\":951,\"caption\":\"Osservatorio Permanente sui Beni Ecclesiastici\"},\"image\":{\"@id\":\"https:\/\/osservatoriobeniecclesiastici.org\/es\/#\/schema\/logo\/image\/\"}},{\"@type\":\"WebSite\",\"@id\":\"https:\/\/osservatoriobeniecclesiastici.org\/es\/#website\",\"url\":\"https:\/\/osservatoriobeniecclesiastici.org\/es\/\",\"name\":\"Osservatorio Permanente sui Beni Ecclesiastici\",\"description\":\"Un ponte tra il mondo laico ed ecclesiastico\",\"publisher\":{\"@id\":\"https:\/\/osservatoriobeniecclesiastici.org\/es\/#organization\"},\"potentialAction\":[{\"@type\":\"SearchAction\",\"target\":{\"@type\":\"EntryPoint\",\"urlTemplate\":\"https:\/\/osservatoriobeniecclesiastici.org\/es\/?s={search_term_string}\"},\"query-input\":\"required name=search_term_string\"}],\"inLanguage\":\"es\"},{\"@type\":\"WebPage\",\"@id\":\"https:\/\/osservatoriobeniecclesiastici.org\/es\/actividades\/conocimiento\/\",\"url\":\"https:\/\/osservatoriobeniecclesiastici.org\/es\/actividades\/conocimiento\/\",\"name\":\"Conocimiento - Osservatorio Permanente sui Beni Ecclesiastici\",\"isPartOf\":{\"@id\":\"https:\/\/osservatoriobeniecclesiastici.org\/es\/#website\"},\"datePublished\":\"2020-09-16T07:44:44+00:00\",\"dateModified\":\"2020-10-08T16:40:50+00:00\",\"breadcrumb\":{\"@id\":\"https:\/\/osservatoriobeniecclesiastici.org\/es\/actividades\/conocimiento\/#breadcrumb\"},\"inLanguage\":\"es\",\"potentialAction\":[{\"@type\":\"ReadAction\",\"target\":[\"https:\/\/osservatoriobeniecclesiastici.org\/es\/actividades\/conocimiento\/\"]}]},{\"@type\":\"BreadcrumbList\",\"@id\":\"https:\/\/osservatoriobeniecclesiastici.org\/es\/actividades\/conocimiento\/#breadcrumb\",\"itemListElement\":[{\"@type\":\"ListItem\",\"position\":1,\"name\":\"Home\",\"item\":\"https:\/\/osservatoriobeniecclesiastici.org\/es\/\"},{\"@type\":\"ListItem\",\"position\":2,\"name\":\"Actividades\",\"item\":\"https:\/\/osservatoriobeniecclesiastici.org\/es\/actividades\/\"},{\"@type\":\"ListItem\",\"position\":3,\"name\":\"Conocimiento\"}]}]}<\/script>\n<!-- \/ Yoast SEO plugin. -->","yoast_head_json":{"title":"Conocimiento - Osservatorio Permanente sui Beni Ecclesiastici","robots":{"index":"index","follow":"follow","max-snippet":"max-snippet:-1","max-image-preview":"max-image-preview:large","max-video-preview":"max-video-preview:-1"},"canonical":"https:\/\/osservatoriobeniecclesiastici.org\/es\/actividades\/conocimiento\/","og_locale":"es_ES","og_type":"article","og_title":"Conocimiento - Osservatorio Permanente sui Beni Ecclesiastici","og_description":"CONOCIMIENTOEL OBSERVATORIO PERMANENTE DE LOS BIENES ECLESI\u00c1STICOS PROMUEVE EL CONOCIMIENTO GRACIAS A DOS HERRAMIENTAS DE COORDINACI\u00d3N Y DESARROLLOCENSO EVOLUCIONADO El Observatorio promueve el Conocimiento de los bienes desde el punto de vista jur\u00eddico, econ\u00f3mico, fiscal, hist\u00f3rico y art\u00edstico, pero, sobre todo, fomenta el conocimiento de los usos previstos a los que se destinan dichos bienes. [&hellip;]","og_url":"https:\/\/osservatoriobeniecclesiastici.org\/es\/actividades\/conocimiento\/","og_site_name":"Osservatorio Permanente sui Beni Ecclesiastici","article_publisher":"https:\/\/www.facebook.com\/osservatoriopermanentesuibeniecclesiastici\/","article_modified_time":"2020-10-08T16:40:50+00:00","twitter_card":"summary_large_image","twitter_site":"@OsservatorioBE","twitter_misc":{"Tiempo de lectura":"7 minutos"},"schema":{"@context":"https:\/\/schema.org","@graph":[{"@type":"Organization","@id":"https:\/\/osservatoriobeniecclesiastici.org\/es\/#organization","name":"Osservatorio Permanente sui Beni Ecclesiastici","url":"https:\/\/osservatoriobeniecclesiastici.org\/es\/","sameAs":["https:\/\/it.wikipedia.org\/wiki\/Osservatorio_permanente_sui_beni_ecclesiastici","https:\/\/www.facebook.com\/osservatoriopermanentesuibeniecclesiastici\/","https:\/\/twitter.com\/OsservatorioBE"],"logo":{"@type":"ImageObject","inLanguage":"es","@id":"https:\/\/osservatoriobeniecclesiastici.org\/es\/#\/schema\/logo\/image\/","url":"https:\/\/osservatoriobeniecclesiastici.org\/wp-content\/uploads\/2020\/09\/logo-osservatorio-permanente-sui-beni-ecclesiastici.png","contentUrl":"https:\/\/osservatoriobeniecclesiastici.org\/wp-content\/uploads\/2020\/09\/logo-osservatorio-permanente-sui-beni-ecclesiastici.png","width":1200,"height":951,"caption":"Osservatorio Permanente sui Beni Ecclesiastici"},"image":{"@id":"https:\/\/osservatoriobeniecclesiastici.org\/es\/#\/schema\/logo\/image\/"}},{"@type":"WebSite","@id":"https:\/\/osservatoriobeniecclesiastici.org\/es\/#website","url":"https:\/\/osservatoriobeniecclesiastici.org\/es\/","name":"Osservatorio Permanente sui Beni Ecclesiastici","description":"Un ponte tra il mondo laico ed ecclesiastico","publisher":{"@id":"https:\/\/osservatoriobeniecclesiastici.org\/es\/#organization"},"potentialAction":[{"@type":"SearchAction","target":{"@type":"EntryPoint","urlTemplate":"https:\/\/osservatoriobeniecclesiastici.org\/es\/?s={search_term_string}"},"query-input":"required name=search_term_string"}],"inLanguage":"es"},{"@type":"WebPage","@id":"https:\/\/osservatoriobeniecclesiastici.org\/es\/actividades\/conocimiento\/","url":"https:\/\/osservatoriobeniecclesiastici.org\/es\/actividades\/conocimiento\/","name":"Conocimiento - Osservatorio Permanente sui Beni Ecclesiastici","isPartOf":{"@id":"https:\/\/osservatoriobeniecclesiastici.org\/es\/#website"},"datePublished":"2020-09-16T07:44:44+00:00","dateModified":"2020-10-08T16:40:50+00:00","breadcrumb":{"@id":"https:\/\/osservatoriobeniecclesiastici.org\/es\/actividades\/conocimiento\/#breadcrumb"},"inLanguage":"es","potentialAction":[{"@type":"ReadAction","target":["https:\/\/osservatoriobeniecclesiastici.org\/es\/actividades\/conocimiento\/"]}]},{"@type":"BreadcrumbList","@id":"https:\/\/osservatoriobeniecclesiastici.org\/es\/actividades\/conocimiento\/#breadcrumb","itemListElement":[{"@type":"ListItem","position":1,"name":"Home","item":"https:\/\/osservatoriobeniecclesiastici.org\/es\/"},{"@type":"ListItem","position":2,"name":"Actividades","item":"https:\/\/osservatoriobeniecclesiastici.org\/es\/actividades\/"},{"@type":"ListItem","position":3,"name":"Conocimiento"}]}]}},"_links":{"self":[{"href":"https:\/\/osservatoriobeniecclesiastici.org\/es\/wp-json\/wp\/v2\/pages\/1557"}],"collection":[{"href":"https:\/\/osservatoriobeniecclesiastici.org\/es\/wp-json\/wp\/v2\/pages"}],"about":[{"href":"https:\/\/osservatoriobeniecclesiastici.org\/es\/wp-json\/wp\/v2\/types\/page"}],"author":[{"embeddable":true,"href":"https:\/\/osservatoriobeniecclesiastici.org\/es\/wp-json\/wp\/v2\/users\/1"}],"replies":[{"embeddable":true,"href":"https:\/\/osservatoriobeniecclesiastici.org\/es\/wp-json\/wp\/v2\/comments?post=1557"}],"version-history":[{"count":9,"href":"https:\/\/osservatoriobeniecclesiastici.org\/es\/wp-json\/wp\/v2\/pages\/1557\/revisions"}],"predecessor-version":[{"id":2105,"href":"https:\/\/osservatoriobeniecclesiastici.org\/es\/wp-json\/wp\/v2\/pages\/1557\/revisions\/2105"}],"up":[{"embeddable":true,"href":"https:\/\/osservatoriobeniecclesiastici.org\/es\/wp-json\/wp\/v2\/pages\/1539"}],"wp:attachment":[{"href":"https:\/\/osservatoriobeniecclesiastici.org\/es\/wp-json\/wp\/v2\/media?parent=1557"}],"curies":[{"name":"wp","href":"https:\/\/api.w.org\/{rel}","templated":true}]}}