{"id":1539,"date":"2020-09-16T09:37:25","date_gmt":"2020-09-16T07:37:25","guid":{"rendered":"https:\/\/osservatoriobeniecclesiastici.org\/actividades\/"},"modified":"2021-02-09T09:55:26","modified_gmt":"2021-02-09T08:55:26","slug":"actividades","status":"publish","type":"page","link":"https:\/\/osservatoriobeniecclesiastici.org\/es\/actividades\/","title":{"rendered":"Actividades"},"content":{"rendered":"<p>[et_pb_section fb_built=\u00bb1&#8243; _builder_version=\u00bb4.4.8&#8243; custom_margin=\u00bb0px||||false|false\u00bb custom_padding=\u00bb0px||||false|false\u00bb][et_pb_row _builder_version=\u00bb4.4.8&#8243;][et_pb_column type=\u00bb4_4&#8243; _builder_version=\u00bb4.4.8&#8243;][et_pb_text _builder_version=\u00bb4.6.6&#8243; text_font=\u00bb||||||||\u00bb z_index=\u00bb7&#8243; hover_enabled=\u00bb0&#8243; sticky_enabled=\u00bb0&#8243;]<\/p>\n<h1 style=\"text-align: center;\">ACTIVIDADES<\/h1>\n<p>[\/et_pb_text][et_pb_text _builder_version=\u00bb4.6.6&#8243; text_font=\u00bbJosefin Sans|||on|||||\u00bb text_text_color=\u00bb#aa1414&#8243; text_font_size=\u00bb18px\u00bb text_letter_spacing=\u00bb3px\u00bb z_index=\u00bb100&#8243; hover_enabled=\u00bb0&#8243; sticky_enabled=\u00bb0&#8243;]<\/p>\n<p style=\"text-align: center;\">LAS ACTIVIDADES Y LOS FINES DE LA ENTIDAD<\/p>\n<p>[\/et_pb_text][\/et_pb_column][\/et_pb_row][\/et_pb_section][et_pb_section fb_built=\u00bb1&#8243; prev_background_color=\u00bb#ffffff\u00bb _builder_version=\u00bb4.4.8&#8243; background_color=\u00bb#f7f7f7&#8243; custom_margin=\u00bb0px|0px|0px|0px|true|true\u00bb custom_padding=\u00bb|0px||0px|true|true\u00bb top_divider_style=\u00bbcurve\u00bb top_divider_flip=\u00bbvertical\u00bb][et_pb_row column_structure=\u00bb1_3,1_3,1_3&#8243; use_custom_gutter=\u00bbon\u00bb gutter_width=\u00bb1&#8243; _builder_version=\u00bb4.4.8&#8243; width=\u00bb100%\u00bb custom_margin=\u00bb0px|0px|0px|0px|true|true\u00bb custom_padding=\u00bb0px|0px|0px|0px|true|true\u00bb][et_pb_column type=\u00bb1_3&#8243; _builder_version=\u00bb4.4.8&#8243;][\/et_pb_column][et_pb_column type=\u00bb1_3&#8243; _builder_version=\u00bb4.4.8&#8243;][et_pb_image src=\u00bbhttps:\/\/osservatoriobeniecclesiastici.org\/wp-content\/uploads\/\/2020\/06\/osservatorio-permanente-sui-beni-ecclesiastici-C.svg\u00bb title_text=\u00bbosservatorio-permanente-sui-beni-ecclesiastici-C\u00bb align=\u00bbcenter\u00bb _builder_version=\u00bb4.4.8&#8243; width=\u00bb42%\u00bb module_alignment=\u00bbcenter\u00bb custom_margin=\u00bb70px||||false|false\u00bb][\/et_pb_image][\/et_pb_column][et_pb_column type=\u00bb1_3&#8243; _builder_version=\u00bb4.4.8&#8243;][\/et_pb_column][\/et_pb_row][et_pb_row column_structure=\u00bb1_5,3_5,1_5&#8243; use_custom_gutter=\u00bbon\u00bb gutter_width=\u00bb1&#8243; _builder_version=\u00bb4.5.6&#8243;][et_pb_column type=\u00bb1_5&#8243; _builder_version=\u00bb4.5.1&#8243;][\/et_pb_column][et_pb_column type=\u00bb3_5&#8243; _builder_version=\u00bb4.5.1&#8243;][et_pb_text _builder_version=\u00bb4.6.6&#8243; header_text_align=\u00bbjustify\u00bb text_orientation=\u00bbjustified\u00bb custom_margin=\u00bb56px||56px||true|false\u00bb custom_padding=\u00bb|28px||28px|false|true\u00bb hover_enabled=\u00bb0&#8243; sticky_enabled=\u00bb0&#8243;]<\/p>\n<h3 style=\"text-align: center;\">LAS TRES \u00abC\u00bb<\/h3>\n<p style=\"text-align: justify;\">Conocimiento, Competencia y Colegialidad est\u00e1n directamente relacionados con los fines para los que se destinan los Bienes Eclesi\u00e1sticos: fines de culto, sustentaci\u00f3n del clero e innumerables obras de caridad, desde iniciativas escolares educativas (de la guarder\u00eda a la universidad) hasta residencias de personas mayores y dispensarios m\u00e9dicos; desde instalaciones de acogida para inmigrantes hasta alojamientos para peregrinos; desde obras de asistencia a los pobres hasta actividades culturales en los suburbios de las ciudades y las periferias humanas, donde las diferentes entidades de la Iglesia llevan a cabo la misi\u00f3n de evangelizaci\u00f3n y promoci\u00f3n humana y social.<\/p>\n<p>[\/et_pb_text][\/et_pb_column][et_pb_column type=\u00bb1_5&#8243; _builder_version=\u00bb4.5.1&#8243;][\/et_pb_column][\/et_pb_row][\/et_pb_section][et_pb_section fb_built=\u00bb1&#8243; _builder_version=\u00bb4.4.8&#8243; background_image=\u00bbhttps:\/\/osservatoriobeniecclesiastici.org\/wp-content\/uploads\/2020\/06\/castel-sant-angelo-roma-osservatorio.jpg\u00bb custom_margin=\u00bb0px|0px|0px|0px|true|true\u00bb custom_padding=\u00bb0px|0px|0px|0px|true|true\u00bb global_module=\u00bb2102&#8243; saved_tabs=\u00bball\u00bb][et_pb_row column_structure=\u00bb1_3,1_3,1_3&#8243; use_custom_gutter=\u00bbon\u00bb gutter_width=\u00bb1&#8243; _builder_version=\u00bb4.4.8&#8243; width=\u00bb100%\u00bb custom_margin=\u00bb0px|0px|0px|0px|true|true\u00bb custom_padding=\u00bb0px|0px|0px|0px|true|true\u00bb][et_pb_column type=\u00bb1_3&#8243; _builder_version=\u00bb4.4.8&#8243; use_background_color_gradient=\u00bbon\u00bb background_color_gradient_start=\u00bbrgba(6,25,104,0.4)\u00bb background_color_gradient_end=\u00bbrgba(45,0,63,0.86)\u00bb custom_padding=\u00bb70px|70px|70px|70px|true|true\u00bb][et_pb_text _builder_version=\u00bb4.4.8&#8243; text_orientation=\u00bbcenter\u00bb background_layout=\u00bbdark\u00bb custom_padding=\u00bb210px||35px||false|false\u00bb]<\/p>\n<h3>CONOCIMIENTO<\/h3>\n<p>[\/et_pb_text][et_pb_button button_url=\u00bb@ET-DC@eyJkeW5hbWljIjp0cnVlLCJjb250ZW50IjoicG9zdF9saW5rX3VybF9wYWdlIiwic2V0dGluZ3MiOnsicG9zdF9pZCI6IjI2NiJ9fQ==@\u00bb button_text=\u00bbM\u00c1S INFORMACI\u00d3N\u00bb _builder_version=\u00bb4.4.8&#8243; _dynamic_attributes=\u00bbbutton_url\u00bb][\/et_pb_button][\/et_pb_column][et_pb_column type=\u00bb1_3&#8243; _builder_version=\u00bb4.4.8&#8243; use_background_color_gradient=\u00bbon\u00bb background_color_gradient_start=\u00bbrgba(6,25,104,0.4)\u00bb background_color_gradient_end=\u00bbrgba(0,112,46,0.74)\u00bb background_color_gradient_direction=\u00bb1deg\u00bb custom_padding=\u00bb70px|70px|70px|70px|true|true\u00bb][et_pb_text _builder_version=\u00bb4.4.8&#8243; text_orientation=\u00bbcenter\u00bb background_layout=\u00bbdark\u00bb custom_padding=\u00bb210px||35px||false|false\u00bb]<\/p>\n<h3>COMPETENCIA<\/h3>\n<p>[\/et_pb_text][et_pb_button button_url=\u00bb@ET-DC@eyJkeW5hbWljIjp0cnVlLCJjb250ZW50IjoicG9zdF9saW5rX3VybF9wYWdlIiwic2V0dGluZ3MiOnsicG9zdF9pZCI6IjI2OCJ9fQ==@\u00bb button_text=\u00bbM\u00c1S INFORMACI\u00d3N\u00bb _builder_version=\u00bb4.4.8&#8243; _dynamic_attributes=\u00bbbutton_url\u00bb][\/et_pb_button][\/et_pb_column][et_pb_column type=\u00bb1_3&#8243; _builder_version=\u00bb4.4.8&#8243; use_background_color_gradient=\u00bbon\u00bb background_color_gradient_start=\u00bbrgba(237,240,0,0.31)\u00bb background_color_gradient_end=\u00bb#010042&#8243; custom_padding=\u00bb70px|70px|70px|70px|true|true\u00bb][et_pb_text _builder_version=\u00bb4.4.8&#8243; text_orientation=\u00bbcenter\u00bb background_layout=\u00bbdark\u00bb custom_padding=\u00bb210px||35px||false|false\u00bb]<\/p>\n<h3>COLEGIALIDAD<\/h3>\n<p>[\/et_pb_text][et_pb_button button_url=\u00bb@ET-DC@eyJkeW5hbWljIjp0cnVlLCJjb250ZW50IjoicG9zdF9saW5rX3VybF9wYWdlIiwic2V0dGluZ3MiOnsicG9zdF9pZCI6IjI3MCJ9fQ==@\u00bb button_text=\u00bbM\u00c1S INFORMACI\u00d3N\u00bb _builder_version=\u00bb4.4.8&#8243; _dynamic_attributes=\u00bbbutton_url\u00bb][\/et_pb_button][\/et_pb_column][\/et_pb_row][\/et_pb_section][et_pb_section fb_built=\u00bb1&#8243; module_id=\u00bbfini\u00bb _builder_version=\u00bb4.4.8&#8243; background_enable_color=\u00bboff\u00bb custom_margin=\u00bb0px|0px|0px|0px|true|true\u00bb custom_padding=\u00bb|0px||0px|true|true\u00bb][et_pb_row column_structure=\u00bb1_3,1_3,1_3&#8243; use_custom_gutter=\u00bbon\u00bb gutter_width=\u00bb1&#8243; _builder_version=\u00bb4.4.8&#8243; width=\u00bb100%\u00bb custom_margin=\u00bb0px|0px|0px|0px|true|true\u00bb custom_padding=\u00bb0px|0px|0px|0px|true|true\u00bb][et_pb_column type=\u00bb1_3&#8243; _builder_version=\u00bb4.4.8&#8243;][\/et_pb_column][et_pb_column type=\u00bb1_3&#8243; _builder_version=\u00bb4.4.8&#8243;][et_pb_image src=\u00bbhttps:\/\/osservatoriobeniecclesiastici.org\/wp-content\/uploads\/\/2020\/06\/osservatorio-permanente-sui-beni-ecclesiastici-Fin.svg\u00bb title_text=\u00bbosservatorio-permanente-sui-beni-ecclesiastici-Fin\u00bb align=\u00bbcenter\u00bb _builder_version=\u00bb4.4.8&#8243; width=\u00bb42%\u00bb module_alignment=\u00bbcenter\u00bb custom_margin=\u00bb70px||||false|false\u00bb][\/et_pb_image][\/et_pb_column][et_pb_column type=\u00bb1_3&#8243; _builder_version=\u00bb4.4.8&#8243;][\/et_pb_column][\/et_pb_row][et_pb_row column_structure=\u00bb1_5,3_5,1_5&#8243; use_custom_gutter=\u00bbon\u00bb gutter_width=\u00bb1&#8243; _builder_version=\u00bb4.5.6&#8243;][et_pb_column type=\u00bb1_5&#8243; _builder_version=\u00bb4.5.1&#8243;][\/et_pb_column][et_pb_column type=\u00bb3_5&#8243; _builder_version=\u00bb4.5.1&#8243;][et_pb_text _builder_version=\u00bb4.6.6&#8243; header_text_align=\u00bbjustify\u00bb text_orientation=\u00bbjustified\u00bb custom_margin=\u00bb56px||56px||true|false\u00bb custom_padding=\u00bb|28px||28px|false|true\u00bb hover_enabled=\u00bb0&#8243; sticky_enabled=\u00bb0&#8243;]<\/p>\n<h3 style=\"text-align: center;\">FINES<\/h3>\n<p style=\"text-align: justify;\">El Observatorio Permanente de los Bienes Eclesi\u00e1sticos tiene como objetivo difundir el patrimonio cultural can\u00f3nico y las buenas pr\u00e1cticas internacionales en la gesti\u00f3n y administraci\u00f3n del patrimonio de las entidades pertenecientes a la Iglesia o con personalidad p\u00fablica en la Iglesia Cat\u00f3lica. Asimismo, el Observatorio est\u00e1 comprometido con la divulgaci\u00f3n de casos concretos de buen uso de los bienes eclesi\u00e1sticos para los fines institucionales a los que se dedican dichos bienes.<\/p>\n<p style=\"text-align: justify;\">El Observatorio Permanente de los Bienes Eclesi\u00e1sticos es un instrumento al servicio de las autoridades competentes en materia de gesti\u00f3n de los patrimonios, que pretende sostener, ayudar y acompa\u00f1ar las decisiones de la curia romana, de las di\u00f3cesis y las conferencias episcopales, as\u00ed como de los superiores y tesoreros generales de las congregaciones religiosas y los superiores de las provincias e instituciones.<\/p>\n<p style=\"text-align: justify;\">No obstante, el objetivo principal del Observatorio Permanente de los Bienes Eclesi\u00e1sticos es contribuir a la revalorizaci\u00f3n del patrimonio eclesi\u00e1stico y evitar su dispersi\u00f3n, principalmente debida a una mala gesti\u00f3n que ha demostrado ser disfuncional y poco abierta a la indispensable innovaci\u00f3n: comportamientos que corren el riesgo de contribuir de forma decisiva a la p\u00e9rdida gradual de un legado acumulado a lo largo de los siglos. El Observatorio tambi\u00e9n tiene una vocaci\u00f3n sumamente innovadora en la b\u00fasqueda de soluciones que generen ingresos, que promuevan la reorganizaci\u00f3n y la refuncionalizaci\u00f3n de los bienes con el fin de que, en la medida de lo posible, se revaloricen y se evite su venta.<\/p>\n<p style=\"text-align: justify;\">El Observatorio Permanente de los Bienes Eclesi\u00e1sticos pretende formar a una nueva generaci\u00f3n de gestores de bienes eclesi\u00e1sticos que cuenten con un necesario enfoque interdisciplinar en materia de competencias, respaldado por una visi\u00f3n clara y fiel de la Iglesia y sus fines. Esta figura profesional se denomina Ecclesiastical Asset Manager (gestor de bienes eclesi\u00e1sticos). Nos esforzamos en dejar claro que los patrimonios eclesi\u00e1sticos son patrimonios din\u00e1micos en funci\u00f3n de la misi\u00f3n evangelizadora, que es cada vez m\u00e1s global, plenamente cat\u00f3lica y, por tanto, universal en su car\u00e1cter din\u00e1mico, como deber\u00edan ser los propios patrimonios.<\/p>\n<p style=\"text-align: justify;\">El Observatorio Permanente de los Bienes Eclesi\u00e1sticos sirve de puente y promueve el di\u00e1logo desde una perspectiva internacional, mediante la organizaci\u00f3n de convenciones, reuniones y encuentros de diversa \u00edndole, para favorecer el intercambio de experiencias entre administradores y responsables de la administraci\u00f3n de los bienes.<\/p>\n<p style=\"text-align: justify;\">El Observatorio Permanente de los Bienes Eclesi\u00e1sticos se crea para servir como herramienta independiente, pero abierta a la colaboraci\u00f3n de todos. No obstante, es una realidad totalmente libre y aut\u00f3noma, no vinculada a ninguna instituci\u00f3n de ning\u00fan tipo. El Observatorio es una iniciativa sin \u00e1nimo de lucro y debe sostenerse econ\u00f3micamente para servir de la mejor manera posible y cumplir con los fines que acabamos de describir.<\/p>\n<p>[\/et_pb_text][\/et_pb_column][et_pb_column type=\u00bb1_5&#8243; _builder_version=\u00bb4.5.1&#8243;][\/et_pb_column][\/et_pb_row][\/et_pb_section][et_pb_section fb_built=\u00bb1&#8243; _builder_version=\u00bb4.4.8&#8243; background_color=\u00bb#f7f7f7&#8243; saved_tabs=\u00bball\u00bb][et_pb_row _builder_version=\u00bb4.4.8&#8243;][et_pb_column type=\u00bb4_4&#8243; _builder_version=\u00bb4.4.8&#8243;][et_pb_text _builder_version=\u00bb4.5.6&#8243; header_5_font_size=\u00bb24px\u00bb]<\/p>\n<h5 class=\"light\" style=\"text-align: center;\">\u00ab<span>NECESITAMOS FORTALECER LA CONCIENCIA DE QUE SOMOS UNA SOLA FAMILIA HUMANA. NO HAY FRONTERAS NI BARRERAS POL\u00cdTICAS O SOCIALES QUE NOS PERMITAN AISLARNOS Y, POR ESO MISMO, TAMPOCO HAY ESPACIO PARA LA GLOBALIZACI\u00d3N DE LA INDIFERENCIA.<\/span>\u00bb<\/h5>\n<p style=\"text-align: center;\"><strong>Francisco, Laudato si\u2019, 52<\/strong><\/p>\n<p>[\/et_pb_text][\/et_pb_column][\/et_pb_row][\/et_pb_section]<\/p>\n","protected":false},"excerpt":{"rendered":"<p>ACTIVIDADESLAS ACTIVIDADES Y LOS FINES DE LA ENTIDADLAS TRES \u00abC\u00bb Conocimiento, Competencia y Colegialidad est\u00e1n directamente relacionados con los fines para los que se destinan los Bienes Eclesi\u00e1sticos: fines de culto, sustentaci\u00f3n del clero e innumerables obras de caridad, desde iniciativas escolares educativas (de la guarder\u00eda a la universidad) hasta residencias de personas mayores y [&hellip;]<\/p>\n","protected":false},"author":1,"featured_media":0,"parent":0,"menu_order":0,"comment_status":"closed","ping_status":"closed","template":"","meta":{"_et_pb_use_builder":"on","_et_pb_old_content":"","_et_gb_content_width":"","inline_featured_image":false},"yoast_head":"<!-- This site is optimized with the Yoast SEO plugin v19.4 - https:\/\/yoast.com\/wordpress\/plugins\/seo\/ -->\n<title>Actividades - Osservatorio Permanente sui Beni Ecclesiastici<\/title>\n<meta name=\"robots\" content=\"index, follow, max-snippet:-1, max-image-preview:large, max-video-preview:-1\" \/>\n<link rel=\"canonical\" href=\"https:\/\/osservatoriobeniecclesiastici.org\/es\/actividades\/\" \/>\n<meta property=\"og:locale\" content=\"es_ES\" \/>\n<meta property=\"og:type\" content=\"article\" \/>\n<meta property=\"og:title\" content=\"Actividades - Osservatorio Permanente sui Beni Ecclesiastici\" \/>\n<meta property=\"og:description\" content=\"ACTIVIDADESLAS ACTIVIDADES Y LOS FINES DE LA ENTIDADLAS TRES &quot;C&quot; Conocimiento, Competencia y Colegialidad est\u00e1n directamente relacionados con los fines para los que se destinan los Bienes Eclesi\u00e1sticos: fines de culto, sustentaci\u00f3n del clero e innumerables obras de caridad, desde iniciativas escolares educativas (de la guarder\u00eda a la universidad) hasta residencias de personas mayores y [&hellip;]\" \/>\n<meta property=\"og:url\" content=\"https:\/\/osservatoriobeniecclesiastici.org\/es\/actividades\/\" \/>\n<meta property=\"og:site_name\" content=\"Osservatorio Permanente sui Beni Ecclesiastici\" \/>\n<meta property=\"article:publisher\" content=\"https:\/\/www.facebook.com\/osservatoriopermanentesuibeniecclesiastici\/\" \/>\n<meta property=\"article:modified_time\" content=\"2021-02-09T08:55:26+00:00\" \/>\n<meta name=\"twitter:card\" content=\"summary_large_image\" \/>\n<meta name=\"twitter:site\" content=\"@OsservatorioBE\" \/>\n<meta name=\"twitter:label1\" content=\"Tiempo de lectura\" \/>\n\t<meta name=\"twitter:data1\" content=\"4 minutos\" \/>\n<script type=\"application\/ld+json\" class=\"yoast-schema-graph\">{\"@context\":\"https:\/\/schema.org\",\"@graph\":[{\"@type\":\"Organization\",\"@id\":\"https:\/\/osservatoriobeniecclesiastici.org\/es\/#organization\",\"name\":\"Osservatorio Permanente sui Beni Ecclesiastici\",\"url\":\"https:\/\/osservatoriobeniecclesiastici.org\/es\/\",\"sameAs\":[\"https:\/\/it.wikipedia.org\/wiki\/Osservatorio_permanente_sui_beni_ecclesiastici\",\"https:\/\/www.facebook.com\/osservatoriopermanentesuibeniecclesiastici\/\",\"https:\/\/twitter.com\/OsservatorioBE\"],\"logo\":{\"@type\":\"ImageObject\",\"inLanguage\":\"es\",\"@id\":\"https:\/\/osservatoriobeniecclesiastici.org\/es\/#\/schema\/logo\/image\/\",\"url\":\"https:\/\/osservatoriobeniecclesiastici.org\/wp-content\/uploads\/2020\/09\/logo-osservatorio-permanente-sui-beni-ecclesiastici.png\",\"contentUrl\":\"https:\/\/osservatoriobeniecclesiastici.org\/wp-content\/uploads\/2020\/09\/logo-osservatorio-permanente-sui-beni-ecclesiastici.png\",\"width\":1200,\"height\":951,\"caption\":\"Osservatorio Permanente sui Beni Ecclesiastici\"},\"image\":{\"@id\":\"https:\/\/osservatoriobeniecclesiastici.org\/es\/#\/schema\/logo\/image\/\"}},{\"@type\":\"WebSite\",\"@id\":\"https:\/\/osservatoriobeniecclesiastici.org\/es\/#website\",\"url\":\"https:\/\/osservatoriobeniecclesiastici.org\/es\/\",\"name\":\"Osservatorio Permanente sui Beni Ecclesiastici\",\"description\":\"Un ponte tra il mondo laico ed ecclesiastico\",\"publisher\":{\"@id\":\"https:\/\/osservatoriobeniecclesiastici.org\/es\/#organization\"},\"potentialAction\":[{\"@type\":\"SearchAction\",\"target\":{\"@type\":\"EntryPoint\",\"urlTemplate\":\"https:\/\/osservatoriobeniecclesiastici.org\/es\/?s={search_term_string}\"},\"query-input\":\"required name=search_term_string\"}],\"inLanguage\":\"es\"},{\"@type\":\"WebPage\",\"@id\":\"https:\/\/osservatoriobeniecclesiastici.org\/es\/actividades\/\",\"url\":\"https:\/\/osservatoriobeniecclesiastici.org\/es\/actividades\/\",\"name\":\"Actividades - Osservatorio Permanente sui Beni Ecclesiastici\",\"isPartOf\":{\"@id\":\"https:\/\/osservatoriobeniecclesiastici.org\/es\/#website\"},\"datePublished\":\"2020-09-16T07:37:25+00:00\",\"dateModified\":\"2021-02-09T08:55:26+00:00\",\"breadcrumb\":{\"@id\":\"https:\/\/osservatoriobeniecclesiastici.org\/es\/actividades\/#breadcrumb\"},\"inLanguage\":\"es\",\"potentialAction\":[{\"@type\":\"ReadAction\",\"target\":[\"https:\/\/osservatoriobeniecclesiastici.org\/es\/actividades\/\"]}]},{\"@type\":\"BreadcrumbList\",\"@id\":\"https:\/\/osservatoriobeniecclesiastici.org\/es\/actividades\/#breadcrumb\",\"itemListElement\":[{\"@type\":\"ListItem\",\"position\":1,\"name\":\"Home\",\"item\":\"https:\/\/osservatoriobeniecclesiastici.org\/es\/\"},{\"@type\":\"ListItem\",\"position\":2,\"name\":\"Actividades\"}]}]}<\/script>\n<!-- \/ Yoast SEO plugin. -->","yoast_head_json":{"title":"Actividades - Osservatorio Permanente sui Beni Ecclesiastici","robots":{"index":"index","follow":"follow","max-snippet":"max-snippet:-1","max-image-preview":"max-image-preview:large","max-video-preview":"max-video-preview:-1"},"canonical":"https:\/\/osservatoriobeniecclesiastici.org\/es\/actividades\/","og_locale":"es_ES","og_type":"article","og_title":"Actividades - Osservatorio Permanente sui Beni Ecclesiastici","og_description":"ACTIVIDADESLAS ACTIVIDADES Y LOS FINES DE LA ENTIDADLAS TRES \"C\" Conocimiento, Competencia y Colegialidad est\u00e1n directamente relacionados con los fines para los que se destinan los Bienes Eclesi\u00e1sticos: fines de culto, sustentaci\u00f3n del clero e innumerables obras de caridad, desde iniciativas escolares educativas (de la guarder\u00eda a la universidad) hasta residencias de personas mayores y [&hellip;]","og_url":"https:\/\/osservatoriobeniecclesiastici.org\/es\/actividades\/","og_site_name":"Osservatorio Permanente sui Beni Ecclesiastici","article_publisher":"https:\/\/www.facebook.com\/osservatoriopermanentesuibeniecclesiastici\/","article_modified_time":"2021-02-09T08:55:26+00:00","twitter_card":"summary_large_image","twitter_site":"@OsservatorioBE","twitter_misc":{"Tiempo de lectura":"4 minutos"},"schema":{"@context":"https:\/\/schema.org","@graph":[{"@type":"Organization","@id":"https:\/\/osservatoriobeniecclesiastici.org\/es\/#organization","name":"Osservatorio Permanente sui Beni Ecclesiastici","url":"https:\/\/osservatoriobeniecclesiastici.org\/es\/","sameAs":["https:\/\/it.wikipedia.org\/wiki\/Osservatorio_permanente_sui_beni_ecclesiastici","https:\/\/www.facebook.com\/osservatoriopermanentesuibeniecclesiastici\/","https:\/\/twitter.com\/OsservatorioBE"],"logo":{"@type":"ImageObject","inLanguage":"es","@id":"https:\/\/osservatoriobeniecclesiastici.org\/es\/#\/schema\/logo\/image\/","url":"https:\/\/osservatoriobeniecclesiastici.org\/wp-content\/uploads\/2020\/09\/logo-osservatorio-permanente-sui-beni-ecclesiastici.png","contentUrl":"https:\/\/osservatoriobeniecclesiastici.org\/wp-content\/uploads\/2020\/09\/logo-osservatorio-permanente-sui-beni-ecclesiastici.png","width":1200,"height":951,"caption":"Osservatorio Permanente sui Beni Ecclesiastici"},"image":{"@id":"https:\/\/osservatoriobeniecclesiastici.org\/es\/#\/schema\/logo\/image\/"}},{"@type":"WebSite","@id":"https:\/\/osservatoriobeniecclesiastici.org\/es\/#website","url":"https:\/\/osservatoriobeniecclesiastici.org\/es\/","name":"Osservatorio Permanente sui Beni Ecclesiastici","description":"Un ponte tra il mondo laico ed ecclesiastico","publisher":{"@id":"https:\/\/osservatoriobeniecclesiastici.org\/es\/#organization"},"potentialAction":[{"@type":"SearchAction","target":{"@type":"EntryPoint","urlTemplate":"https:\/\/osservatoriobeniecclesiastici.org\/es\/?s={search_term_string}"},"query-input":"required name=search_term_string"}],"inLanguage":"es"},{"@type":"WebPage","@id":"https:\/\/osservatoriobeniecclesiastici.org\/es\/actividades\/","url":"https:\/\/osservatoriobeniecclesiastici.org\/es\/actividades\/","name":"Actividades - Osservatorio Permanente sui Beni Ecclesiastici","isPartOf":{"@id":"https:\/\/osservatoriobeniecclesiastici.org\/es\/#website"},"datePublished":"2020-09-16T07:37:25+00:00","dateModified":"2021-02-09T08:55:26+00:00","breadcrumb":{"@id":"https:\/\/osservatoriobeniecclesiastici.org\/es\/actividades\/#breadcrumb"},"inLanguage":"es","potentialAction":[{"@type":"ReadAction","target":["https:\/\/osservatoriobeniecclesiastici.org\/es\/actividades\/"]}]},{"@type":"BreadcrumbList","@id":"https:\/\/osservatoriobeniecclesiastici.org\/es\/actividades\/#breadcrumb","itemListElement":[{"@type":"ListItem","position":1,"name":"Home","item":"https:\/\/osservatoriobeniecclesiastici.org\/es\/"},{"@type":"ListItem","position":2,"name":"Actividades"}]}]}},"_links":{"self":[{"href":"https:\/\/osservatoriobeniecclesiastici.org\/es\/wp-json\/wp\/v2\/pages\/1539"}],"collection":[{"href":"https:\/\/osservatoriobeniecclesiastici.org\/es\/wp-json\/wp\/v2\/pages"}],"about":[{"href":"https:\/\/osservatoriobeniecclesiastici.org\/es\/wp-json\/wp\/v2\/types\/page"}],"author":[{"embeddable":true,"href":"https:\/\/osservatoriobeniecclesiastici.org\/es\/wp-json\/wp\/v2\/users\/1"}],"replies":[{"embeddable":true,"href":"https:\/\/osservatoriobeniecclesiastici.org\/es\/wp-json\/wp\/v2\/comments?post=1539"}],"version-history":[{"count":6,"href":"https:\/\/osservatoriobeniecclesiastici.org\/es\/wp-json\/wp\/v2\/pages\/1539\/revisions"}],"predecessor-version":[{"id":2927,"href":"https:\/\/osservatoriobeniecclesiastici.org\/es\/wp-json\/wp\/v2\/pages\/1539\/revisions\/2927"}],"wp:attachment":[{"href":"https:\/\/osservatoriobeniecclesiastici.org\/es\/wp-json\/wp\/v2\/media?parent=1539"}],"curies":[{"name":"wp","href":"https:\/\/api.w.org\/{rel}","templated":true}]}}